{"id":4243,"date":"2021-06-14T18:52:41","date_gmt":"2021-06-14T21:52:41","guid":{"rendered":"https:\/\/isfd17-bue.infd.edu.ar\/sitio\/?page_id=4243"},"modified":"2025-08-20T17:57:56","modified_gmt":"2025-08-20T20:57:56","slug":"solicitud-de-titulos-y-constancias","status":"publish","type":"page","link":"https:\/\/isfd17-bue.infd.edu.ar\/sitio\/solicitud-de-titulos-y-constancias\/","title":{"rendered":"Solicitud de T\u00edtulos y Constancias"},"content":{"rendered":"<div class=\"wp-block-image\">\n<figure class=\"aligncenter\"><img decoding=\"async\" src=\"https:\/\/isfd17-bue.infd.edu.ar\/sitio\/wp-content\/uploads\/2019\/04\/Solicitud-de-T%C3%ADtulos-2-1.jpg\" alt=\"\" class=\"wp-image-3994\"\/><\/figure><\/div>\n\n\n<p class=\"has-text-align-center\">Estudiantes que hayan&nbsp;<strong>APROBADO<\/strong>&nbsp;<strong>TODOS LOS FINALES DEL PROFESORADO.<\/strong><\/p>\n\n\n\n<p class=\"has-text-align-left\">La presente solicitud reviste car\u00e1cter de declaraci\u00f3n jurada. Es correo inidicado en formulario ser\u00e1 el medio de notificaci\u00f3n fehaciente. <br><\/p>\n\n\n\n<p class=\"has-text-align-left\">Secretar\u00eda ISFD N\u00b017 recepcionar\u00e1 y corroborar\u00e1 la informaci\u00f3n con los registros institucionales. En el caso de inconsistencias, se comunicar\u00e1n por correo. Luego se publicar\u00e1 el estado del mismo en listado web. <strong>IMPORTANTE: Sobre la entrega del T\u00edtulo &#8211; Nueva Modalidad T\u00cdTULO DIGITAL &#8211; Verificar en<\/strong>&nbsp;<a href=\"https:\/\/isfd17-bue.infd.edu.ar\/sitio\/entrega-de-titulos-digitales\/\">https:\/\/isfd17-bue.infd.edu.ar\/sitio\/entrega-de-titulos-digitales\/<\/a><\/p>\n\n\n\n<p class=\"has-text-align-center\">Antes de Ingresar al formulario: Generar archivos PDF O FOTO para cargar la siguiente documentaci\u00f3n<\/p>\n\n\n\n<ul>\n<li><strong>DNI (ambos lados)<\/strong><\/li>\n\n\n\n<li><strong>T\u00edtulo Secundario (ambos lados)<\/strong><\/li>\n<\/ul>\n\n\n\n<p class=\"has-text-align-center\">Aplicaci\u00f3n para digitalizar documentaci\u00f3n en dispositivo m\u00f3vil: CamScanner&nbsp;<a href=\"https:\/\/www.youtube.com\/watch?v=Ex9Uws4YkNc\">VER VIDEO TUTORIAL&nbsp;<\/a><\/p>\n\n\n<div class=\"wp-block-image\">\n<figure class=\"aligncenter\"><a href=\"https:\/\/forms.gle\/sLMgySxizjXDXCM38\" rel=\"https:\/\/forms.gle\/sLMgySxizjXDXCM38\"><img decoding=\"async\" loading=\"lazy\" width=\"567\" height=\"71\" src=\"https:\/\/isfd17-bue.infd.edu.ar\/sitio\/wp-content\/uploads\/2019\/04\/Formulario.jpg\" alt=\"\" class=\"wp-image-3989\"\/><\/a><\/figure><\/div>\n\n<div class=\"wp-block-image\">\n<figure class=\"aligncenter\"><img decoding=\"async\" src=\"https:\/\/isfd17-bue.infd.edu.ar\/sitio\/wp-content\/uploads\/2021\/06\/MB-4.jpg\" alt=\"\"\/><\/figure><\/div>\n\n<div class=\"wp-block-image\">\n<figure class=\"aligncenter\"><img decoding=\"async\" loading=\"lazy\" width=\"570\" height=\"71\" src=\"https:\/\/isfd17-bue.infd.edu.ar\/sitio\/wp-content\/uploads\/2021\/06\/MB-5.jpg\" alt=\"\" class=\"wp-image-4386\"\/><\/figure><\/div>\n\n\n<p class=\"has-text-align-center\"><a href=\"https:\/\/isfd17-bue.infd.edu.ar\/sitio\/solicitud-de-constancias-y-certificados\/\" data-type=\"URL\" data-id=\"https:\/\/isfd17-bue.infd.edu.ar\/sitio\/solicitud-de-constancias-y-certificados\/\" target=\"_blank\" rel=\"noreferrer noopener\">VER PASOS A SEGUIR PARA LA SOLICITUD DE CERTIFICADOS<\/a><\/p>\n\n\n\n<p><\/p>\n","protected":false},"excerpt":{"rendered":"<p>Estudiantes que hayan&nbsp;APROBADO&nbsp;TODOS LOS FINALES DEL PROFESORADO. La presente solicitud reviste car\u00e1cter de declaraci\u00f3n jurada. Es correo inidicado en formulario ser\u00e1 el medio de notificaci\u00f3n fehaciente. Secretar\u00eda ISFD N\u00b017 recepcionar\u00e1 y corroborar\u00e1 la informaci\u00f3n con los registros institucionales. En el caso de inconsistencias, se comunicar\u00e1n por correo. Luego se publicar\u00e1 el estado del mismo en &#8230; <a title=\"Solicitud de T\u00edtulos y Constancias\" class=\"read-more\" href=\"https:\/\/isfd17-bue.infd.edu.ar\/sitio\/solicitud-de-titulos-y-constancias\/\" aria-label=\"More on Solicitud de T\u00edtulos y Constancias\">[+]<\/a><\/p>\n","protected":false},"author":613,"featured_media":0,"parent":0,"menu_order":0,"comment_status":"closed","ping_status":"closed","template":"","meta":[],"acf":[],"_links":{"self":[{"href":"https:\/\/isfd17-bue.infd.edu.ar\/sitio\/wp-json\/wp\/v2\/pages\/4243"}],"collection":[{"href":"https:\/\/isfd17-bue.infd.edu.ar\/sitio\/wp-json\/wp\/v2\/pages"}],"about":[{"href":"https:\/\/isfd17-bue.infd.edu.ar\/sitio\/wp-json\/wp\/v2\/types\/page"}],"author":[{"embeddable":true,"href":"https:\/\/isfd17-bue.infd.edu.ar\/sitio\/wp-json\/wp\/v2\/users\/613"}],"replies":[{"embeddable":true,"href":"https:\/\/isfd17-bue.infd.edu.ar\/sitio\/wp-json\/wp\/v2\/comments?post=4243"}],"version-history":[{"count":10,"href":"https:\/\/isfd17-bue.infd.edu.ar\/sitio\/wp-json\/wp\/v2\/pages\/4243\/revisions"}],"predecessor-version":[{"id":9669,"href":"https:\/\/isfd17-bue.infd.edu.ar\/sitio\/wp-json\/wp\/v2\/pages\/4243\/revisions\/9669"}],"wp:attachment":[{"href":"https:\/\/isfd17-bue.infd.edu.ar\/sitio\/wp-json\/wp\/v2\/media?parent=4243"}],"curies":[{"name":"wp","href":"https:\/\/api.w.org\/{rel}","templated":true}]}}