{"id":4779,"date":"2021-09-08T19:28:58","date_gmt":"2021-09-08T22:28:58","guid":{"rendered":"https:\/\/isfd17-bue.infd.edu.ar\/sitio\/?page_id=4779"},"modified":"2021-09-08T19:47:14","modified_gmt":"2021-09-08T22:47:14","slug":"postitulos-y-actualizaciones","status":"publish","type":"page","link":"https:\/\/isfd17-bue.infd.edu.ar\/sitio\/postitulos-y-actualizaciones\/","title":{"rendered":"Post\u00edtulos"},"content":{"rendered":"\n<p class=\"has-text-align-center\">&#8211; Despleg\u00e1 las opciones del men\u00fa y acced\u00e9 a toda nuestra oferta acad\u00e9mica &#8211;<\/p>\n","protected":false},"excerpt":{"rendered":"<p>&#8211; Despleg\u00e1 las opciones del men\u00fa y acced\u00e9 a toda nuestra oferta acad\u00e9mica &#8211;<\/p>\n","protected":false},"author":613,"featured_media":0,"parent":0,"menu_order":0,"comment_status":"closed","ping_status":"closed","template":"","meta":[],"acf":[],"_links":{"self":[{"href":"https:\/\/isfd17-bue.infd.edu.ar\/sitio\/wp-json\/wp\/v2\/pages\/4779"}],"collection":[{"href":"https:\/\/isfd17-bue.infd.edu.ar\/sitio\/wp-json\/wp\/v2\/pages"}],"about":[{"href":"https:\/\/isfd17-bue.infd.edu.ar\/sitio\/wp-json\/wp\/v2\/types\/page"}],"author":[{"embeddable":true,"href":"https:\/\/isfd17-bue.infd.edu.ar\/sitio\/wp-json\/wp\/v2\/users\/613"}],"replies":[{"embeddable":true,"href":"https:\/\/isfd17-bue.infd.edu.ar\/sitio\/wp-json\/wp\/v2\/comments?post=4779"}],"version-history":[{"count":3,"href":"https:\/\/isfd17-bue.infd.edu.ar\/sitio\/wp-json\/wp\/v2\/pages\/4779\/revisions"}],"predecessor-version":[{"id":4790,"href":"https:\/\/isfd17-bue.infd.edu.ar\/sitio\/wp-json\/wp\/v2\/pages\/4779\/revisions\/4790"}],"wp:attachment":[{"href":"https:\/\/isfd17-bue.infd.edu.ar\/sitio\/wp-json\/wp\/v2\/media?parent=4779"}],"curies":[{"name":"wp","href":"https:\/\/api.w.org\/{rel}","templated":true}]}}