{"id":714,"date":"2018-08-29T19:05:30","date_gmt":"2018-08-29T22:05:30","guid":{"rendered":"https:\/\/isfd17-bue.infd.edu.ar\/sitio\/profesorado-de-educacion-inicial\/"},"modified":"2025-02-25T00:11:08","modified_gmt":"2025-02-25T03:11:08","slug":"profesorado-de-educacion-inicial","status":"publish","type":"page","link":"https:\/\/isfd17-bue.infd.edu.ar\/sitio\/profesorado-de-educacion-inicial\/","title":{"rendered":"PROFESORADO DE EDUCACI\u00d3N INICIAL"},"content":{"rendered":"<div class=\"wp-block-image\">\n<figure class=\"aligncenter\"><a href=\"https:\/\/isfd17-bue.infd.edu.ar\/sitio\/inscripciones-2021\/\" target=\"_blank\" rel=\"https:\/\/isfd17-bue.infd.edu.ar\/sitio\/inscripciones-2021\/ noopener\"><img decoding=\"async\" src=\"https:\/\/isfd17-bue.infd.edu.ar\/sitio\/wp-content\/uploads\/2021\/06\/Matematica-VIII.jpg\" alt=\"\"\/><\/a><\/figure><\/div>\n\n<div class=\"wp-block-image\">\n<figure class=\"aligncenter is-resized\"><img decoding=\"async\" loading=\"lazy\" src=\"https:\/\/isfd17-bue.infd.edu.ar\/sitio\/wp-content\/uploads\/2021\/07\/INI-1.jpg\" alt=\"\" class=\"wp-image-4565\" width=\"624\" height=\"354\" srcset=\"https:\/\/isfd17-bue.infd.edu.ar\/sitio\/wp-content\/uploads\/2021\/07\/INI-1.jpg 862w, https:\/\/isfd17-bue.infd.edu.ar\/sitio\/wp-content\/uploads\/2021\/07\/INI-1-768x435.jpg 768w\" sizes=\"(max-width: 624px) 100vw, 624px\" \/><\/figure><\/div>\n\n<div class=\"wp-block-image\">\n<figure class=\"aligncenter is-resized\"><img decoding=\"async\" loading=\"lazy\" src=\"https:\/\/isfd17-bue.infd.edu.ar\/sitio\/wp-content\/uploads\/2022\/02\/Cursadas-17.jpg\" alt=\"\" class=\"wp-image-5639\" width=\"625\" height=\"352\" srcset=\"https:\/\/isfd17-bue.infd.edu.ar\/sitio\/wp-content\/uploads\/2022\/02\/Cursadas-17.jpg 919w, https:\/\/isfd17-bue.infd.edu.ar\/sitio\/wp-content\/uploads\/2022\/02\/Cursadas-17-768x432.jpg 768w\" sizes=\"(max-width: 625px) 100vw, 625px\" \/><\/figure><\/div>\n\n<div class=\"wp-block-image\">\n<figure class=\"aligncenter is-resized\"><a href=\"https:\/\/isfd17-bue.infd.edu.ar\/sitio\/cronograma-de-cursadas-2021\/\" target=\"_blank\" rel=\"https:\/\/isfd17-bue.infd.edu.ar\/sitio\/cronograma-de-cursadas-2021\/ noopener\"><img decoding=\"async\" loading=\"lazy\" src=\"https:\/\/isfd17-bue.infd.edu.ar\/sitio\/wp-content\/uploads\/2021\/06\/Matem%C3%A1tica-VI.jpg\" alt=\"\" class=\"wp-image-4292\" width=\"530\" height=\"67\"\/><\/a><\/figure><\/div>\n\n<div class=\"wp-block-image\">\n<figure class=\"aligncenter is-resized\"><a href=\"https:\/\/drive.google.com\/open?id=1kZ1HxIgTS7WQTUpF51GW21IAInCHG0aM\" target=\"_blank\" rel=\"https:\/\/drive.google.com\/open?id=1kZ1HxIgTS7WQTUpF51GW21IAInCHG0aM noopener\"><img decoding=\"async\" loading=\"lazy\" src=\"https:\/\/isfd17-bue.infd.edu.ar\/sitio\/wp-content\/uploads\/2021\/06\/Matem%C3%A1tica-IV.jpg\" alt=\"\" class=\"wp-image-4287\" width=\"528\" height=\"64\"\/><\/a><\/figure><\/div>\n\n\n<p class=\"has-text-align-center has-small-font-size\">\u00a0El<strong> Dise\u00f1o Curricular (<a rel=\"noreferrer noopener\" href=\"https:\/\/drive.google.com\/open?id=1kZ1HxIgTS7WQTUpF51GW21IAInCHG0aM\" data-type=\"URL\" data-id=\"https:\/\/drive.google.com\/open?id=1kZ1HxIgTS7WQTUpF51GW21IAInCHG0aM\" target=\"_blank\">Res. 4154\/07<\/a>)<\/strong> organiza las condiciones de cursada, los contenidos valorados, los tiempos y formatos de cada una de las materias que forman parte del plan de carrera. Desde la dimensi\u00f3n curricular, la carrera posee un sistema de <strong>Correlatividades<\/strong> (para el caso del Profesorado de Educaci\u00f3n Inicial lo estipula <a rel=\"noreferrer noopener\" href=\"https:\/\/isfd17-bue.infd.edu.ar\/sitio\/wp-content\/uploads\/2024\/01\/IF-2023-45620671-GDEBA-SDIFDIDGCYE-3-1.pdf\" target=\"_blank\"><strong>Comunicaci\u00f3n 109\/23 \u2013 RSC-2023-52216278-GDEBA-DGCYE Modificatoria de Correlatividades<\/strong><\/a>) Asimismo, se requiere considerar los aspectos del <strong>R\u00e9gimen Acad\u00e9mico Institucional (enmarcado en la <a href=\"https:\/\/isfd17-bue.infd.edu.ar\/sitio\/wp-content\/uploads\/2024\/12\/Nuevo-Regimen-Academico-Marco-ISFD.pdf\" data-type=\"URL\" data-id=\"https:\/\/isfd17-bue.infd.edu.ar\/sitio\/wp-content\/uploads\/2024\/12\/Nuevo-Regimen-Academico-Marco-ISFD.pdf\" target=\"_blank\" rel=\"noreferrer noopener\">Res. 4196\/24 <\/a>y Plan de Evaluaci\u00f3n Institucional.<\/strong><\/p>\n\n\n<div class=\"wp-block-image\">\n<figure class=\"aligncenter size-full is-resized\"><a href=\"https:\/\/docs.google.com\/spreadsheets\/d\/1Fnp2XjrGEO-34ICubgmNAPjjGOOANHq2rFnHDvNID_M\/edit?usp=drive_link\" target=\"_blank\" rel=\"noreferrer noopener\"><img decoding=\"async\" loading=\"lazy\" src=\"https:\/\/isfd17-bue.infd.edu.ar\/sitio\/wp-content\/uploads\/2025\/02\/image-51.png\" alt=\"\" class=\"wp-image-9147\" width=\"449\" height=\"77\"\/><\/a><\/figure><\/div>\n\n\n<iframe loading=\"lazy\" src=\"https:\/\/docs.google.com\/spreadsheets\/d\/e\/2PACX-1vQeYsd6XWBAfvRissXBduwhoic0RnhueQ-9p4YauJ92r22rkRgzz0gsmWvAPWuzEy1qM1ne59Pi8VoB\/pubhtml?start=false&amp;loop=false&amp;delayms=3000\" frameborder=\"0\" width=\"1200\" height=\"500\" allowfullscreen=\"true\" mozallowfullscreen=\"true\" webkitallowfullscreen=\"true\"><\/iframe>\n\n\n<div class=\"wp-block-image\">\n<figure class=\"aligncenter size-full is-resized\"><a href=\"https:\/\/docs.google.com\/spreadsheets\/d\/141xCm2BmGfHMAtd3PptgIJiLcrJF1C2RDvBpUPKFKAY\/edit?usp=sharing\" target=\"_blank\" rel=\"noreferrer noopener\"><img decoding=\"async\" loading=\"lazy\" src=\"https:\/\/isfd17-bue.infd.edu.ar\/sitio\/wp-content\/uploads\/2025\/02\/image-62.png\" alt=\"\" class=\"wp-image-9204\" width=\"460\" height=\"81\"\/><\/a><\/figure><\/div>\n\n\n<iframe loading=\"lazy\" src=\"https:\/\/docs.google.com\/spreadsheets\/d\/e\/2PACX-1vTkSUesALVcnmWKesHifKE3azx1BhY4YyOyOof4Rb6vTWx0teZblhoWmuVUnLEhXTGFXXn63iz0S2Z0\/pubhtml?start=false&#038;loop=false&#038;delayms=35000\" frameborder=\"0\" width=\"1000\" height=\"700\" allowfullscreen=\"true\" mozallowfullscreen=\"true\" webkitallowfullscreen=\"true\"><\/iframe>\n\n\n<div class=\"wp-block-image\">\n<figure class=\"aligncenter size-full is-resized\"><a href=\"https:\/\/docs.google.com\/spreadsheets\/d\/1qOYvt7mu6E2tfpIbeFx-Fs5bbCQOSAmQ8S5J0bTYHcM\/edit?usp=drive_link\" target=\"_blank\" rel=\"noreferrer noopener\"><img decoding=\"async\" loading=\"lazy\" src=\"https:\/\/isfd17-bue.infd.edu.ar\/sitio\/wp-content\/uploads\/2025\/02\/image-61.png\" alt=\"\" class=\"wp-image-9186\" width=\"446\" height=\"74\"\/><\/a><\/figure><\/div>\n\n\n<iframe loading=\"lazy\" src=\"https:\/\/docs.google.com\/spreadsheets\/d\/e\/2PACX-1vR4LGV5CLB0QdljwazBWLLzH3iOEUJp5yIiZmIx_mUon5V1P7RCPgNtMapX7CqQ5o0onI2K2SUgJ2my\/pubhtml?start=false&#038;loop=false&#038;delayms=35000\" frameborder=\"0\" width=\"1100\" height=\"800\" allowfullscreen=\"true\" mozallowfullscreen=\"true\" webkitallowfullscreen=\"true\"><\/iframe>\n\n\n<div class=\"wp-block-image\">\n<figure class=\"aligncenter size-full is-resized\"><a href=\"https:\/\/docs.google.com\/spreadsheets\/d\/1kCYhlolEYmkmABnVI5WSNYTiLCObqQSbGFDCEpjUsY0\/edit?usp=sharing\" target=\"_blank\" rel=\"noreferrer noopener\"><img decoding=\"async\" loading=\"lazy\" src=\"https:\/\/isfd17-bue.infd.edu.ar\/sitio\/wp-content\/uploads\/2025\/02\/image-63.png\" alt=\"\" class=\"wp-image-9206\" width=\"435\" height=\"71\"\/><\/a><\/figure><\/div>\n\n\n<iframe loading=\"lazy\" src=\"https:\/\/docs.google.com\/spreadsheets\/d\/e\/2PACX-1vRgGrNBI44NDIrLGmokMMwISyy1fpIUSIJVHYp07HEg7Gnlww065u2bk8aFavGOsg9EUEL2aE8wQmpq\/pubhtml?start=false&#038;loop=false&#038;delayms=35000\" frameborder=\"0\" width=\"1000\" height=\"700\" allowfullscreen=\"true\" mozallowfullscreen=\"true\" webkitallowfullscreen=\"true\"><\/iframe>\n\n\n\n<iframe loading=\"lazy\" src=\"https:\/\/docs.google.com\/presentation\/d\/e\/2PACX-1vQCALqiJzdRwfu-Cz6v8c2EHxQDN3bFG5Ut0Xuc3HaCo69of-keXOvcB7gTK9YgJg\/embed?start=false&#038;loop=false&#038;delayms=2500\" frameborder=\"0\" width=\"1000\" height=\"400\" allowfullscreen=\"true\" mozallowfullscreen=\"true\" webkitallowfullscreen=\"true\"><\/iframe>\n","protected":false},"excerpt":{"rendered":"<p>\u00a0El Dise\u00f1o Curricular (Res. 4154\/07) organiza las condiciones de cursada, los contenidos valorados, los tiempos y formatos de cada una de las materias que forman parte del plan de carrera. Desde la dimensi\u00f3n curricular, la carrera posee un sistema de Correlatividades (para el caso del Profesorado de Educaci\u00f3n Inicial lo estipula Comunicaci\u00f3n 109\/23 \u2013 RSC-2023-52216278-GDEBA-DGCYE &#8230; <a title=\"PROFESORADO DE EDUCACI\u00d3N INICIAL\" class=\"read-more\" href=\"https:\/\/isfd17-bue.infd.edu.ar\/sitio\/profesorado-de-educacion-inicial\/\" aria-label=\"More on PROFESORADO DE EDUCACI\u00d3N INICIAL\">[+]<\/a><\/p>\n","protected":false},"author":598,"featured_media":0,"parent":0,"menu_order":0,"comment_status":"closed","ping_status":"closed","template":"","meta":[],"acf":[],"_links":{"self":[{"href":"https:\/\/isfd17-bue.infd.edu.ar\/sitio\/wp-json\/wp\/v2\/pages\/714"}],"collection":[{"href":"https:\/\/isfd17-bue.infd.edu.ar\/sitio\/wp-json\/wp\/v2\/pages"}],"about":[{"href":"https:\/\/isfd17-bue.infd.edu.ar\/sitio\/wp-json\/wp\/v2\/types\/page"}],"author":[{"embeddable":true,"href":"https:\/\/isfd17-bue.infd.edu.ar\/sitio\/wp-json\/wp\/v2\/users\/598"}],"replies":[{"embeddable":true,"href":"https:\/\/isfd17-bue.infd.edu.ar\/sitio\/wp-json\/wp\/v2\/comments?post=714"}],"version-history":[{"count":88,"href":"https:\/\/isfd17-bue.infd.edu.ar\/sitio\/wp-json\/wp\/v2\/pages\/714\/revisions"}],"predecessor-version":[{"id":9223,"href":"https:\/\/isfd17-bue.infd.edu.ar\/sitio\/wp-json\/wp\/v2\/pages\/714\/revisions\/9223"}],"wp:attachment":[{"href":"https:\/\/isfd17-bue.infd.edu.ar\/sitio\/wp-json\/wp\/v2\/media?parent=714"}],"curies":[{"name":"wp","href":"https:\/\/api.w.org\/{rel}","templated":true}]}}