{"id":716,"date":"2018-08-29T19:05:31","date_gmt":"2018-08-29T22:05:31","guid":{"rendered":"https:\/\/isfd17-bue.infd.edu.ar\/sitio\/profesorado-de-educacion-primaria\/"},"modified":"2025-02-25T08:37:30","modified_gmt":"2025-02-25T11:37:30","slug":"profesorado-de-educacion-primaria","status":"publish","type":"page","link":"https:\/\/isfd17-bue.infd.edu.ar\/sitio\/profesorado-de-educacion-primaria\/","title":{"rendered":"PROFESORADO DE EDUCACI\u00d3N PRIMARIA"},"content":{"rendered":"\n<h4 class=\"wp-block-heading has-text-align-center\"><img decoding=\"async\" class=\"aligncenter\" src=\"https:\/\/isfd17-bue.infd.edu.ar\/sitio\/wp-content\/uploads\/2021\/06\/Matematica-VIII.jpg\"><\/h4>\n\n\n\n<div class=\"wp-block-columns alignwide are-vertically-aligned-center is-layout-flex wp-container-2\">\n<div class=\"wp-block-column is-vertically-aligned-center is-layout-flow\" style=\"flex-basis:100%\">\n<p class=\"has-text-align-center\"><img decoding=\"async\" loading=\"lazy\" width=\"862\" height=\"486\" class=\"alignnone size-full wp-image-4571\" src=\"https:\/\/isfd17-bue.infd.edu.ar\/sitio\/wp-content\/uploads\/2021\/07\/PRI-ACT.jpg\" alt=\"\" style=\"width: 700px;\" srcset=\"https:\/\/isfd17-bue.infd.edu.ar\/sitio\/wp-content\/uploads\/2021\/07\/PRI-ACT.jpg 862w, https:\/\/isfd17-bue.infd.edu.ar\/sitio\/wp-content\/uploads\/2021\/07\/PRI-ACT-768x433.jpg 768w\" sizes=\"(max-width: 862px) 100vw, 862px\" \/><img decoding=\"async\" loading=\"lazy\" width=\"919\" height=\"517\" class=\"alignnone size-full wp-image-5639\" src=\"https:\/\/isfd17-bue.infd.edu.ar\/sitio\/wp-content\/uploads\/2022\/02\/Cursadas-17.jpg\" alt=\"\" style=\"width: 700px;\" srcset=\"https:\/\/isfd17-bue.infd.edu.ar\/sitio\/wp-content\/uploads\/2022\/02\/Cursadas-17.jpg 919w, https:\/\/isfd17-bue.infd.edu.ar\/sitio\/wp-content\/uploads\/2022\/02\/Cursadas-17-768x432.jpg 768w\" sizes=\"(max-width: 919px) 100vw, 919px\" \/><\/p>\n<\/div>\n<\/div>\n\n\n<div class=\"wp-block-image\">\n<figure class=\"aligncenter\"><a href=\"https:\/\/isfd17-bue.infd.edu.ar\/sitio\/cronograma-de-cursadas-2021\/\" target=\"_blank\" rel=\"https:\/\/isfd17-bue.infd.edu.ar\/sitio\/cronograma-de-cursadas-2021\/ noopener\"><img decoding=\"async\" loading=\"lazy\" width=\"570\" height=\"72\" src=\"https:\/\/isfd17-bue.infd.edu.ar\/sitio\/wp-content\/uploads\/2021\/06\/Matem\u00e1tica-VI.jpg\" alt=\"\" class=\"wp-image-4292\"\/><\/a><\/figure><\/div>\n\n<div class=\"wp-block-image\">\n<figure class=\"aligncenter\"><a href=\"https:\/\/drive.google.com\/open?id=1bfMMaTd1D6GgVN_BYRZ-auqfG3HIpJ6L\" target=\"_blank\" rel=\"https:\/\/drive.google.com\/open?id=1bfMMaTd1D6GgVN_BYRZ-auqfG3HIpJ6L noopener\"><img decoding=\"async\" loading=\"lazy\" width=\"570\" height=\"70\" src=\"https:\/\/isfd17-bue.infd.edu.ar\/sitio\/wp-content\/uploads\/2021\/06\/Matem\u00e1tica-IV.jpg\" alt=\"\" class=\"wp-image-4287\"\/><\/a><\/figure><\/div>\n\n\n<div class=\"wp-block-group has-small-font-size is-layout-constrained\"><div class=\"wp-block-group__inner-container\">\n<p class=\"has-text-align-center\">&nbsp;El<strong> Dise\u00f1o Curricular (<a rel=\"noreferrer noopener\" href=\"https:\/\/drive.google.com\/open?id=1kZ1HxIgTS7WQTUpF51GW21IAInCHG0aM\" target=\"_blank\">Res. 4154\/07<\/a>)<\/strong> organiza las condiciones de cursada, los contenidos valorados, los tiempos y formatos de cada una de las materias que forman parte del plan de carrera. Desde la dimensi\u00f3n curricular, la carrera posee un sistema de <strong>Correlatividades<\/strong> (para el caso del Profesorado de Educaci\u00f3n Inicial es estipulado por <strong><strong><strong><strong><a rel=\"noreferrer noopener\" href=\"https:\/\/isfd17-bue.infd.edu.ar\/sitio\/wp-content\/uploads\/2024\/01\/IF-2023-45621652-GDEBA-SDIFDIDGCYE-1.pdf\" data-type=\"URL\" data-id=\"https:\/\/isfd17-bue.infd.edu.ar\/sitio\/wp-content\/uploads\/2024\/01\/IF-2023-45621652-GDEBA-SDIFDIDGCYE-1.pdf\" target=\"_blank\">Comunicaci\u00f3n 109\/23<\/a><\/strong><\/strong><\/strong><\/strong>.  Asimismo, se requiere considerar los aspectos del <strong>R\u00e9gimen Acad\u00e9mico Institucional (enmarcado en la R<a rel=\"noreferrer noopener\" href=\"https:\/\/isfd17-bue.infd.edu.ar\/sitio\/wp-content\/uploads\/2024\/12\/Nuevo-Regimen-Academico-Marco-ISFD.pdf\" data-type=\"URL\" data-id=\"https:\/\/isfd17-bue.infd.edu.ar\/sitio\/wp-content\/uploads\/2024\/12\/Nuevo-Regimen-Academico-Marco-ISFD.pdf\" target=\"_blank\">es. 4196\/24 <\/a>y Plan de Evaluaci\u00f3n Institucional.<\/strong><\/p>\n<\/div><\/div>\n\n\n<div class=\"wp-block-image\">\n<figure class=\"aligncenter size-full is-resized\"><a href=\"https:\/\/docs.google.com\/spreadsheets\/d\/1xSosloNMe-qCdnaEYp9fpSM4knuSYYWxuOmsP8voNuE\/edit?usp=drive_link\" target=\"_blank\" rel=\"noreferrer noopener\"><img decoding=\"async\" loading=\"lazy\" src=\"https:\/\/isfd17-bue.infd.edu.ar\/sitio\/wp-content\/uploads\/2025\/02\/image-51.png\" alt=\"\" class=\"wp-image-9147\" width=\"449\" height=\"77\"\/><\/a><\/figure><\/div>\n\n\n<iframe loading=\"lazy\" src=\"https:\/\/docs.google.com\/spreadsheets\/d\/e\/2PACX-1vTgnZsVmwMH8gDMTBlMUndrtNgVxujH35c4Ae6PlPYjiBs9eK9NqO1r4zLs4CTylRN5907lxLfxaNPu\/pubhtml?start=false&amp;loop=false&amp;delayms=3000\" frameborder=\"0\" width=\"1200\" height=\"500\" allowfullscreen=\"true\" mozallowfullscreen=\"true\" webkitallowfullscreen=\"true\"><\/iframe>\n\n\n<div class=\"wp-block-image\">\n<figure class=\"aligncenter size-full is-resized\"><a href=\"https:\/\/docs.google.com\/spreadsheets\/d\/1lM21EQ5muboX5ze1DZLT5nimaRuN8dH0T9xmmEYKJt4\/edit?usp=sharing\" target=\"_blank\" rel=\"noreferrer noopener\"><img decoding=\"async\" loading=\"lazy\" src=\"https:\/\/isfd17-bue.infd.edu.ar\/sitio\/wp-content\/uploads\/2025\/02\/image-62.png\" alt=\"\" class=\"wp-image-9204\" width=\"460\" height=\"81\"\/><\/a><\/figure><\/div>\n\n\n<iframe loading=\"lazy\" src=\"https:\/\/docs.google.com\/spreadsheets\/d\/e\/2PACX-1vRWAbNV1MJ63JnHUGKRsm1AYitRC2UOR1iWc23Up71hrjveRfia1uqP3fGANO7X3XdKB8uWzLTxOlHc\/pubhtml?start=false&#038;loop=false&#038;delayms=35000\" frameborder=\"0\" width=\"1000\" height=\"700\" allowfullscreen=\"true\" mozallowfullscreen=\"true\" webkitallowfullscreen=\"true\"><\/iframe>\n\n\n<div class=\"wp-block-image\">\n<figure class=\"aligncenter size-full is-resized\"><a href=\"https:\/\/docs.google.com\/spreadsheets\/d\/1qOYvt7mu6E2tfpIbeFx-Fs5bbCQOSAmQ8S5J0bTYHcM\/edit?usp=drive_link\" target=\"_blank\" rel=\"noreferrer noopener\"><img decoding=\"async\" loading=\"lazy\" src=\"https:\/\/isfd17-bue.infd.edu.ar\/sitio\/wp-content\/uploads\/2025\/02\/image-61.png\" alt=\"\" class=\"wp-image-9186\" width=\"446\" height=\"74\"\/><\/a><\/figure><\/div>\n\n\n<iframe loading=\"lazy\" src=\"https:\/\/docs.google.com\/spreadsheets\/d\/e\/2PACX-1vR4LGV5CLB0QdljwazBWLLzH3iOEUJp5yIiZmIx_mUon5V1P7RCPgNtMapX7CqQ5o0onI2K2SUgJ2my\/pubhtml?start=false&#038;loop=false&#038;delayms=35000\" frameborder=\"0\" width=\"1100\" height=\"800\" allowfullscreen=\"true\" mozallowfullscreen=\"true\" webkitallowfullscreen=\"true\"><\/iframe>\n\n\n<div class=\"wp-block-image\">\n<figure class=\"aligncenter size-full is-resized\"><a href=\"https:\/\/docs.google.com\/spreadsheets\/d\/1kCYhlolEYmkmABnVI5WSNYTiLCObqQSbGFDCEpjUsY0\/edit?usp=sharing\" target=\"_blank\" rel=\"noreferrer noopener\"><img decoding=\"async\" loading=\"lazy\" src=\"https:\/\/isfd17-bue.infd.edu.ar\/sitio\/wp-content\/uploads\/2025\/02\/image-63.png\" alt=\"\" class=\"wp-image-9206\" width=\"435\" height=\"71\"\/><\/a><\/figure><\/div>\n\n\n<iframe loading=\"lazy\" src=\"https:\/\/docs.google.com\/spreadsheets\/d\/e\/2PACX-1vRgGrNBI44NDIrLGmokMMwISyy1fpIUSIJVHYp07HEg7Gnlww065u2bk8aFavGOsg9EUEL2aE8wQmpq\/pubhtml?start=false&#038;loop=false&#038;delayms=35000\" frameborder=\"0\" width=\"1000\" height=\"700\" allowfullscreen=\"true\" mozallowfullscreen=\"true\" webkitallowfullscreen=\"true\"><\/iframe>\n\n\n\n<iframe loading=\"lazy\" src=\"https:\/\/docs.google.com\/presentation\/d\/e\/2PACX-1vQCALqiJzdRwfu-Cz6v8c2EHxQDN3bFG5Ut0Xuc3HaCo69of-keXOvcB7gTK9YgJg\/embed?start=false&#038;loop=false&#038;delayms=2500\" frameborder=\"0\" width=\"1000\" height=\"400\" allowfullscreen=\"true\" mozallowfullscreen=\"true\" webkitallowfullscreen=\"true\"><\/iframe>\n","protected":false},"excerpt":{"rendered":"<p>&nbsp;El Dise\u00f1o Curricular (Res. 4154\/07) organiza las condiciones de cursada, los contenidos valorados, los tiempos y formatos de cada una de las materias que forman parte del plan de carrera. Desde la dimensi\u00f3n curricular, la carrera posee un sistema de Correlatividades (para el caso del Profesorado de Educaci\u00f3n Inicial es estipulado por Comunicaci\u00f3n 109\/23. Asimismo, &#8230; <a title=\"PROFESORADO DE EDUCACI\u00d3N PRIMARIA\" class=\"read-more\" href=\"https:\/\/isfd17-bue.infd.edu.ar\/sitio\/profesorado-de-educacion-primaria\/\" aria-label=\"More on PROFESORADO DE EDUCACI\u00d3N PRIMARIA\">[+]<\/a><\/p>\n","protected":false},"author":598,"featured_media":0,"parent":0,"menu_order":0,"comment_status":"closed","ping_status":"closed","template":"","meta":[],"acf":[],"_links":{"self":[{"href":"https:\/\/isfd17-bue.infd.edu.ar\/sitio\/wp-json\/wp\/v2\/pages\/716"}],"collection":[{"href":"https:\/\/isfd17-bue.infd.edu.ar\/sitio\/wp-json\/wp\/v2\/pages"}],"about":[{"href":"https:\/\/isfd17-bue.infd.edu.ar\/sitio\/wp-json\/wp\/v2\/types\/page"}],"author":[{"embeddable":true,"href":"https:\/\/isfd17-bue.infd.edu.ar\/sitio\/wp-json\/wp\/v2\/users\/598"}],"replies":[{"embeddable":true,"href":"https:\/\/isfd17-bue.infd.edu.ar\/sitio\/wp-json\/wp\/v2\/comments?post=716"}],"version-history":[{"count":78,"href":"https:\/\/isfd17-bue.infd.edu.ar\/sitio\/wp-json\/wp\/v2\/pages\/716\/revisions"}],"predecessor-version":[{"id":9240,"href":"https:\/\/isfd17-bue.infd.edu.ar\/sitio\/wp-json\/wp\/v2\/pages\/716\/revisions\/9240"}],"wp:attachment":[{"href":"https:\/\/isfd17-bue.infd.edu.ar\/sitio\/wp-json\/wp\/v2\/media?parent=716"}],"curies":[{"name":"wp","href":"https:\/\/api.w.org\/{rel}","templated":true}]}}