{"id":724,"date":"2018-08-29T19:05:35","date_gmt":"2018-08-29T22:05:35","guid":{"rendered":"https:\/\/isfd17-bue.infd.edu.ar\/sitio\/residencia\/"},"modified":"2021-08-10T12:29:31","modified_gmt":"2021-08-10T15:29:31","slug":"residencia","status":"publish","type":"page","link":"https:\/\/isfd17-bue.infd.edu.ar\/sitio\/residencia\/","title":{"rendered":"Biblioteca"},"content":{"rendered":"<h5 style=\"text-align: center;\"><\/h5>\n<p style=\"text-align: center;\"><strong><a href=\"https:\/\/isfd17-bue.infd.edu.ar\/sitio\/ultimas-novedades\/\">\u00daltimas Novedades<\/a><\/strong><\/p>\n<p style=\"text-align: center;\"><img decoding=\"async\" loading=\"lazy\" class=\"alignnone  wp-image-2152\" src=\"https:\/\/isfd17-bue.infd.edu.ar\/sitio\/wp-content\/uploads\/2018\/12\/Actualizar-1000x441.jpg\" alt=\"\" width=\"496\" height=\"219\" srcset=\"https:\/\/isfd17-bue.infd.edu.ar\/sitio\/wp-content\/uploads\/2018\/12\/Actualizar-1000x441.jpg 1000w, https:\/\/isfd17-bue.infd.edu.ar\/sitio\/wp-content\/uploads\/2018\/12\/Actualizar-768x338.jpg 768w, https:\/\/isfd17-bue.infd.edu.ar\/sitio\/wp-content\/uploads\/2018\/12\/Actualizar.jpg 1094w\" sizes=\"(max-width: 496px) 100vw, 496px\" \/><\/p>\n<p style=\"text-align: left;\">Si te gusta leer esta web es para vos. En Letras Abiertas encontr\u00e1s la biblioteca digital de la Provincia de Buenos Aires. Pod\u00e9s leer online, descargar en formato PDF y escuchar audiolibros.<\/p>\n<p style=\"text-align: left;\">Hay autores nacionales e internacionales. Cl\u00e1sicos y nuevos. Novelas, cuentos. Un universo literario por descubrir desde tu compu. Adem\u00e1s, pod\u00e9s encontrar material de cocina, diccionarios, ensayos, historia, poes\u00eda\u00a0 y hasta teatro.<\/p>\n<p style=\"text-align: left;\">En<a href=\"http:\/\/www.letrasabiertas.gba.gob.ar\/\">\u00a0http:\/\/www.letrasabiertas.gba.gob.ar\/<\/a>\u00a0vas a sumergirte en el mundo de los e-books. Los libros electr\u00f3nicos son publicaciones digitales a las que pod\u00e9s acceder desde diferentes dispositivos: en computadoras, tablets, e-Readers y tel\u00e9fonos m\u00f3viles. Hay un nueva forma de leer y te la acercamos.<\/p>\n","protected":false},"excerpt":{"rendered":"<p>\u00daltimas Novedades Si te gusta leer esta web es para vos. En Letras Abiertas encontr\u00e1s la biblioteca digital de la Provincia de Buenos Aires. Pod\u00e9s leer online, descargar en formato PDF y escuchar audiolibros. Hay autores nacionales e internacionales. Cl\u00e1sicos y nuevos. Novelas, cuentos. Un universo literario por descubrir desde tu compu. Adem\u00e1s, pod\u00e9s encontrar &#8230; <a title=\"Biblioteca\" class=\"read-more\" href=\"https:\/\/isfd17-bue.infd.edu.ar\/sitio\/residencia\/\" aria-label=\"More on Biblioteca\">[+]<\/a><\/p>\n","protected":false},"author":598,"featured_media":0,"parent":0,"menu_order":0,"comment_status":"closed","ping_status":"closed","template":"","meta":[],"acf":[],"_links":{"self":[{"href":"https:\/\/isfd17-bue.infd.edu.ar\/sitio\/wp-json\/wp\/v2\/pages\/724"}],"collection":[{"href":"https:\/\/isfd17-bue.infd.edu.ar\/sitio\/wp-json\/wp\/v2\/pages"}],"about":[{"href":"https:\/\/isfd17-bue.infd.edu.ar\/sitio\/wp-json\/wp\/v2\/types\/page"}],"author":[{"embeddable":true,"href":"https:\/\/isfd17-bue.infd.edu.ar\/sitio\/wp-json\/wp\/v2\/users\/598"}],"replies":[{"embeddable":true,"href":"https:\/\/isfd17-bue.infd.edu.ar\/sitio\/wp-json\/wp\/v2\/comments?post=724"}],"version-history":[{"count":29,"href":"https:\/\/isfd17-bue.infd.edu.ar\/sitio\/wp-json\/wp\/v2\/pages\/724\/revisions"}],"predecessor-version":[{"id":4655,"href":"https:\/\/isfd17-bue.infd.edu.ar\/sitio\/wp-json\/wp\/v2\/pages\/724\/revisions\/4655"}],"wp:attachment":[{"href":"https:\/\/isfd17-bue.infd.edu.ar\/sitio\/wp-json\/wp\/v2\/media?parent=724"}],"curies":[{"name":"wp","href":"https:\/\/api.w.org\/{rel}","templated":true}]}}