{"id":729,"date":"2018-08-29T19:05:38","date_gmt":"2018-08-29T22:05:38","guid":{"rendered":"https:\/\/isfd17-bue.infd.edu.ar\/sitio\/profesorado-de-economia\/"},"modified":"2025-02-27T09:23:17","modified_gmt":"2025-02-27T12:23:17","slug":"profesorado-de-economia","status":"publish","type":"page","link":"https:\/\/isfd17-bue.infd.edu.ar\/sitio\/profesorado-de-economia\/","title":{"rendered":"Profesorado de Educaci\u00f3n Secundaria en Econom\u00eda"},"content":{"rendered":"<div class=\"wp-block-image\">\n<figure class=\"aligncenter\"><a href=\"https:\/\/isfd17-bue.infd.edu.ar\/sitio\/inscripciones-2021\/\" target=\"_blank\" rel=\"https:\/\/isfd17-bue.infd.edu.ar\/sitio\/inscripciones-2021\/ noopener\"><img decoding=\"async\" loading=\"lazy\" width=\"570\" height=\"71\" src=\"https:\/\/isfd17-bue.infd.edu.ar\/sitio\/wp-content\/uploads\/2021\/06\/Matematica-VIII.jpg\" alt=\"\" class=\"wp-image-4297\"\/><\/a><\/figure><\/div>\n\n<div class=\"wp-block-image\">\n<figure class=\"aligncenter is-resized\"><img decoding=\"async\" loading=\"lazy\" src=\"https:\/\/isfd17-bue.infd.edu.ar\/sitio\/wp-content\/uploads\/2023\/02\/ECO-2.jpg\" alt=\"\" class=\"wp-image-7182\" width=\"712\" height=\"400\" srcset=\"https:\/\/isfd17-bue.infd.edu.ar\/sitio\/wp-content\/uploads\/2023\/02\/ECO-2.jpg 870w, https:\/\/isfd17-bue.infd.edu.ar\/sitio\/wp-content\/uploads\/2023\/02\/ECO-2-768x432.jpg 768w\" sizes=\"(max-width: 712px) 100vw, 712px\" \/><figcaption class=\"wp-element-caption\"><strong>\u00c1rea Fonoaudiol\u00f3gica&nbsp;<\/strong><br>Los\/as estudiantes son evaluados para determinar la aptitud fonoaudiol\u00f3gica para realizar las pr\u00e1cticas docentes en la Instituciones Educativas.<br><strong>Pr\u00e1cticas Docentes:&nbsp;<\/strong>se realizan a contraturno<\/figcaption><\/figure><\/div>\n\n\n<p class=\"has-small-font-size\">El<strong>&nbsp;Dise\u00f1o Curricular<a rel=\"noreferrer noopener\" href=\"https:\/\/isfd17-bue.infd.edu.ar\/sitio\/wp-content\/uploads\/2023\/02\/IF-2022-40271933-GDEBA-SSEDGCYE-ECONOMIA_compressed.pdf\" data-type=\"URL\" data-id=\"https:\/\/isfd17-bue.infd.edu.ar\/sitio\/wp-content\/uploads\/2023\/02\/IF-2022-40271933-GDEBA-SSEDGCYE-ECONOMIA_compressed.pdf\" target=\"_blank\">&nbsp;(Res. 3606\/22)<\/a>&nbsp;<\/strong>organiza las condiciones de cursada, los contenidos valorados, los tiempos y formatos de cada una de las materias que forman parte del plan de carrera. Desde la dimensi\u00f3n curricular, la carrera posee un sistema de&nbsp;<strong>Correlatividades<\/strong>. Asimismo, se requiere considerar los aspectos del&nbsp;<strong>R\u00e9gimen Acad\u00e9mico Institucional (enmarcado en la&nbsp;<a href=\"https:\/\/isfd17-bue.infd.edu.ar\/sitio\/wp-content\/uploads\/2024\/12\/Nuevo-Regimen-Academico-Marco-ISFD.pdf\" data-type=\"URL\" data-id=\"https:\/\/isfd17-bue.infd.edu.ar\/sitio\/wp-content\/uploads\/2024\/12\/Nuevo-Regimen-Academico-Marco-ISFD.pdf\" target=\"_blank\" rel=\"noreferrer noopener\">Res. 4196\/24<\/a> y Plan de Evaluaci\u00f3n Institucional.<\/strong>&nbsp;<\/p>\n\n\n<div class=\"wp-block-image\">\n<figure class=\"aligncenter is-resized\"><a href=\"https:\/\/isfd17-bue.infd.edu.ar\/sitio\/wp-content\/uploads\/2023\/02\/IF-2022-40271933-GDEBA-SSEDGCYE-ECONOMIA_compressed.pdf\" target=\"_blank\" rel=\"https:\/\/isfd17-bue.infd.edu.ar\/sitio\/wp-content\/uploads\/2023\/02\/IF-2022-40271933-GDEBA-SSEDGCYE-ECONOMIA_compressed.pdf noopener\"><img decoding=\"async\" loading=\"lazy\" src=\"https:\/\/isfd17-bue.infd.edu.ar\/sitio\/wp-content\/uploads\/2023\/02\/ECO-3.jpg\" alt=\"\" class=\"wp-image-7184\" width=\"600\" height=\"64\"\/><\/a><figcaption class=\"wp-element-caption\">Res. 3606\/26 &#8211; Desde Ingresantes  2023 <\/figcaption><\/figure><\/div>\n\n<div class=\"wp-block-image\">\n<figure class=\"aligncenter size-full is-resized\"><a href=\"https:\/\/docs.google.com\/spreadsheets\/d\/1Xd1XA5FgOL-DXyHB0QIurlF4ZZbcw4PsCVA-O7M9ZJA\/edit?usp=drive_link\" target=\"_blank\" rel=\"noreferrer noopener\"><img decoding=\"async\" loading=\"lazy\" src=\"https:\/\/isfd17-bue.infd.edu.ar\/sitio\/wp-content\/uploads\/2025\/02\/image-51.png\" alt=\"\" class=\"wp-image-9147\" width=\"449\" height=\"77\"\/><\/a><\/figure><\/div>\n\n\n<iframe loading=\"lazy\" src=\"https:\/\/docs.google.com\/spreadsheets\/d\/e\/2PACX-1vQIh8bD34XUCHtve5cxb4O5QpEKgMwD6hoVi_EJ0jBkXvIDfHLQRZMy8j23z6wNeeLJBKgL4ZNP3pBt\/pubhtml?start=false&amp;loop=false&amp;delayms=3000\" frameborder=\"0\" width=\"1200\" height=\"500\" allowfullscreen=\"true\" mozallowfullscreen=\"true\" webkitallowfullscreen=\"true\"><\/iframe>\n\n\n<div class=\"wp-block-image\">\n<figure class=\"aligncenter size-full is-resized\"><a href=\"https:\/\/docs.google.com\/spreadsheets\/d\/1qOYvt7mu6E2tfpIbeFx-Fs5bbCQOSAmQ8S5J0bTYHcM\/edit?usp=drive_link\" target=\"_blank\" rel=\"noreferrer noopener\"><img decoding=\"async\" loading=\"lazy\" src=\"https:\/\/isfd17-bue.infd.edu.ar\/sitio\/wp-content\/uploads\/2025\/02\/image-61.png\" alt=\"\" class=\"wp-image-9186\" width=\"446\" height=\"74\"\/><\/a><\/figure><\/div>\n\n\n<iframe loading=\"lazy\" src=\"https:\/\/docs.google.com\/spreadsheets\/d\/e\/2PACX-1vR4LGV5CLB0QdljwazBWLLzH3iOEUJp5yIiZmIx_mUon5V1P7RCPgNtMapX7CqQ5o0onI2K2SUgJ2my\/pubhtml?start=false&#038;loop=false&#038;delayms=35000\" frameborder=\"0\" width=\"1100\" height=\"800\" allowfullscreen=\"true\" mozallowfullscreen=\"true\" webkitallowfullscreen=\"true\"><\/iframe>\n\n\n<div class=\"wp-block-image\">\n<figure class=\"aligncenter size-full is-resized\"><a href=\"https:\/\/docs.google.com\/spreadsheets\/d\/1kCYhlolEYmkmABnVI5WSNYTiLCObqQSbGFDCEpjUsY0\/edit?usp=sharing\" target=\"_blank\" rel=\"noreferrer noopener\"><img decoding=\"async\" loading=\"lazy\" src=\"https:\/\/isfd17-bue.infd.edu.ar\/sitio\/wp-content\/uploads\/2025\/02\/image-63.png\" alt=\"\" class=\"wp-image-9206\" width=\"435\" height=\"71\"\/><\/a><\/figure><\/div>\n\n\n<iframe loading=\"lazy\" src=\"https:\/\/docs.google.com\/spreadsheets\/d\/e\/2PACX-1vRgGrNBI44NDIrLGmokMMwISyy1fpIUSIJVHYp07HEg7Gnlww065u2bk8aFavGOsg9EUEL2aE8wQmpq\/pubhtml?start=false&amp;loop=false&amp;delayms=35000\" frameborder=\"0\" width=\"1000\" height=\"700\" allowfullscreen=\"true\" mozallowfullscreen=\"true\" webkitallowfullscreen=\"true\"><\/iframe>\n\n\n\n<iframe loading=\"lazy\" src=\"https:\/\/docs.google.com\/presentation\/d\/e\/2PACX-1vQCALqiJzdRwfu-Cz6v8c2EHxQDN3bFG5Ut0Xuc3HaCo69of-keXOvcB7gTK9YgJg\/embed?start=false&#038;loop=false&#038;delayms=2500\" frameborder=\"0\" width=\"1000\" height=\"400\" allowfullscreen=\"true\" mozallowfullscreen=\"true\" webkitallowfullscreen=\"true\"><\/iframe>\n\n\n<div class=\"wp-block-image\">\n<figure class=\"aligncenter\"><img decoding=\"async\" loading=\"lazy\" width=\"646\" height=\"71\" src=\"https:\/\/isfd17-bue.infd.edu.ar\/sitio\/wp-content\/uploads\/2023\/02\/ECO.jpg\" alt=\"\" class=\"wp-image-7179\"\/><\/figure><\/div>\n\n<div class=\"wp-block-image\">\n<figure class=\"aligncenter\"><a href=\"https:\/\/drive.google.com\/file\/d\/1tWU6pVmB1y0NIOW3uSV_j5B6S0-crbx1\/view\" target=\"_blank\" rel=\"https:\/\/drive.google.com\/file\/d\/1tWU6pVmB1y0NIOW3uSV_j5B6S0-crbx1\/view noopener\"><img decoding=\"async\" loading=\"lazy\" width=\"570\" height=\"70\" src=\"https:\/\/isfd17-bue.infd.edu.ar\/sitio\/wp-content\/uploads\/2021\/06\/Matem\u00e1tica-IV.jpg\" alt=\"\" class=\"wp-image-4287\"\/><\/a><figcaption class=\"wp-element-caption\"><strong>IMPORTANTE: Disposici\u00f3n 10\/23 y <a rel=\"noreferrer noopener\" href=\"https:\/\/isfd17-bue.infd.edu.ar\/sitio\/wp-content\/uploads\/2023\/06\/Comunicacion_56-2.pdf\" target=\"_blank\">CC DES-DFDI 56\/23<\/a><\/strong><br>Condiciones Institucionales para la continuidad acad\u00e9mica de las y los estudiantes en el marco de la implementaci\u00f3n del nuevo Dise\u00f1o Curricular del Profesorado de Educaci\u00f3n Secundaria en Econom\u00eda<\/figcaption><\/figure><\/div>\n\n<div class=\"wp-block-image\">\n<figure class=\"aligncenter size-full is-resized\"><a href=\"https:\/\/docs.google.com\/spreadsheets\/d\/1E96aKvEUTUiDZwoxOPoCzGJ7EbTxmc0-BCh0aDwF_ig\/edit?usp=sharing\" target=\"_blank\" rel=\"noreferrer noopener\"><img decoding=\"async\" loading=\"lazy\" src=\"https:\/\/isfd17-bue.infd.edu.ar\/sitio\/wp-content\/uploads\/2025\/02\/image-51.png\" alt=\"\" class=\"wp-image-9147\" width=\"449\" height=\"77\"\/><\/a><\/figure><\/div>\n\n\n<iframe loading=\"lazy\" src=\"https:\/\/docs.google.com\/spreadsheets\/d\/e\/2PACX-1vSUsRWRNLwu4LJCEnnxHGG89cfiJIqCq2bZtSiyywpo1laSBGXTbkoRqFsu1mGH8IQAc51C5Pph5-CX\/pubhtml?start=false&#038;loop=false&#038;delayms=35000\" frameborder=\"0\" width=\"1100\" height=\"800\" allowfullscreen=\"true\" mozallowfullscreen=\"true\" webkitallowfullscreen=\"true\"><\/iframe>\n\n\n\n<p class=\"has-text-align-center\"><strong>ANEXOS PARA COMPLETAR<\/strong><\/p>\n\n\n\n<figure class=\"wp-block-table\"><table class=\"has-fixed-layout\"><tbody><tr><td class=\"has-text-align-center\" data-align=\"center\"><strong>ANEXO 4<\/strong><br>Formulario de Solicitud de opci\u00f3n de permanencia o cambio al nuevo Dise\u00f1o Curricular<\/td><td class=\"has-text-align-center\" data-align=\"center\"><a href=\"https:\/\/isfd17-bue.infd.edu.ar\/sitio\/wp-content\/uploads\/2023\/06\/ANEXO-4.pdf\" data-type=\"URL\" data-id=\"https:\/\/isfd17-bue.infd.edu.ar\/sitio\/wp-content\/uploads\/2023\/06\/ANEXO-4.pdf\" target=\"_blank\" rel=\"noreferrer noopener\">DESCARGAR<\/a><\/td><\/tr><tr><td class=\"has-text-align-center\" data-align=\"center\"><strong>ANEXO 5<\/strong><br> Formulario de notificaci\u00f3n de Condiciones acad\u00e9micas para continuar sus estudios en el dise\u00f1o curricular por el que inici\u00f3 la carrera<\/td><td class=\"has-text-align-center\" data-align=\"center\"><a href=\"https:\/\/isfd17-bue.infd.edu.ar\/sitio\/wp-content\/uploads\/2023\/06\/ANEXO-5.pdf\" data-type=\"URL\" data-id=\"https:\/\/isfd17-bue.infd.edu.ar\/sitio\/wp-content\/uploads\/2023\/06\/ANEXO-5.pdf\" target=\"_blank\" rel=\"noreferrer noopener\">DESCARGAR<\/a><\/td><\/tr><tr><td class=\"has-text-align-center\" data-align=\"center\"><strong>ANEXO 6<\/strong><br>Formularios de notificaci\u00f3n de la situaci\u00f3n acad\u00e9mica para la continuidad de las trayectorias en los nuevos dise\u00f1os curriculares<\/td><td class=\"has-text-align-center\" data-align=\"center\"><a href=\"https:\/\/isfd17-bue.infd.edu.ar\/sitio\/wp-content\/uploads\/2023\/06\/ANEXO-6.pdf\" data-type=\"URL\" data-id=\"https:\/\/isfd17-bue.infd.edu.ar\/sitio\/wp-content\/uploads\/2023\/06\/ANEXO-6.pdf\" target=\"_blank\" rel=\"noreferrer noopener\">DESCARGAR<\/a><\/td><\/tr><\/tbody><\/table><\/figure>\n\n\n\n<p class=\"has-text-align-center\"><strong>ANEXOS DE NOTIFICACI\u00d3N<\/strong><\/p>\n\n\n\n<figure class=\"wp-block-table is-style-regular\"><table class=\"has-fixed-layout\"><tbody><tr><td class=\"has-text-align-center\" data-align=\"center\"><strong>ANEXO 3<\/strong><br>Condiciones acad\u00e9micas para la continuidad de la trayectoria formativa de las y los<br>estudiantes en los dise\u00f1os curriculares de los Profesorados de Educaci\u00f3n Secundaria<br>anteriores al 2023<\/td><td class=\"has-text-align-center\" data-align=\"center\"><a href=\"https:\/\/isfd17-bue.infd.edu.ar\/sitio\/wp-content\/uploads\/2023\/06\/ANEXO-3.pdf\" target=\"_blank\" rel=\"noreferrer noopener\">DESCARGAR<\/a><\/td><\/tr><tr><td class=\"has-text-align-center\" data-align=\"center\"><strong>ANEXO 10<\/strong><br>Tabla de equivalencias entre Unidades Curriculares del Dise\u00f1o Curricular Res 13271\/99, 13297\/99, 39\/03, 2789\/09 y el nuevo Dise\u00f1o Curricular del Profesorado de Educaci\u00f3n Secundaria en Econom\u00eda Res 3606\/22<\/td><td class=\"has-text-align-center\" data-align=\"center\"><a href=\"https:\/\/isfd17-bue.infd.edu.ar\/sitio\/wp-content\/uploads\/2023\/06\/ANEXO-10.pdf\" data-type=\"URL\" data-id=\"https:\/\/isfd17-bue.infd.edu.ar\/sitio\/wp-content\/uploads\/2023\/06\/ANEXO-10.pdf\" target=\"_blank\" rel=\"noreferrer noopener\">DESCARGAR<\/a><\/td><\/tr><\/tbody><\/table><\/figure>\n\n\n\n<p><\/p>\n","protected":false},"excerpt":{"rendered":"<p>El&nbsp;Dise\u00f1o Curricular&nbsp;(Res. 3606\/22)&nbsp;organiza las condiciones de cursada, los contenidos valorados, los tiempos y formatos de cada una de las materias que forman parte del plan de carrera. Desde la dimensi\u00f3n curricular, la carrera posee un sistema de&nbsp;Correlatividades. Asimismo, se requiere considerar los aspectos del&nbsp;R\u00e9gimen Acad\u00e9mico Institucional (enmarcado en la&nbsp;Res. 4196\/24 y Plan de Evaluaci\u00f3n Institucional.&nbsp; &#8230; <a title=\"Profesorado de Educaci\u00f3n Secundaria en Econom\u00eda\" class=\"read-more\" href=\"https:\/\/isfd17-bue.infd.edu.ar\/sitio\/profesorado-de-economia\/\" aria-label=\"More on Profesorado de Educaci\u00f3n Secundaria en Econom\u00eda\">[+]<\/a><\/p>\n","protected":false},"author":598,"featured_media":0,"parent":0,"menu_order":0,"comment_status":"closed","ping_status":"closed","template":"","meta":[],"acf":[],"_links":{"self":[{"href":"https:\/\/isfd17-bue.infd.edu.ar\/sitio\/wp-json\/wp\/v2\/pages\/729"}],"collection":[{"href":"https:\/\/isfd17-bue.infd.edu.ar\/sitio\/wp-json\/wp\/v2\/pages"}],"about":[{"href":"https:\/\/isfd17-bue.infd.edu.ar\/sitio\/wp-json\/wp\/v2\/types\/page"}],"author":[{"embeddable":true,"href":"https:\/\/isfd17-bue.infd.edu.ar\/sitio\/wp-json\/wp\/v2\/users\/598"}],"replies":[{"embeddable":true,"href":"https:\/\/isfd17-bue.infd.edu.ar\/sitio\/wp-json\/wp\/v2\/comments?post=729"}],"version-history":[{"count":55,"href":"https:\/\/isfd17-bue.infd.edu.ar\/sitio\/wp-json\/wp\/v2\/pages\/729\/revisions"}],"predecessor-version":[{"id":9343,"href":"https:\/\/isfd17-bue.infd.edu.ar\/sitio\/wp-json\/wp\/v2\/pages\/729\/revisions\/9343"}],"wp:attachment":[{"href":"https:\/\/isfd17-bue.infd.edu.ar\/sitio\/wp-json\/wp\/v2\/media?parent=729"}],"curies":[{"name":"wp","href":"https:\/\/api.w.org\/{rel}","templated":true}]}}