{"id":731,"date":"2018-08-29T19:05:39","date_gmt":"2018-08-29T22:05:39","guid":{"rendered":"https:\/\/isfd17-bue.infd.edu.ar\/sitio\/profesorado-en-tecnologias-equipos-e-instalaciones-electromecanicas\/"},"modified":"2025-02-27T09:47:07","modified_gmt":"2025-02-27T12:47:07","slug":"profesorado-en-tecnologias-equipos-e-instalaciones-electromecanicas","status":"publish","type":"page","link":"https:\/\/isfd17-bue.infd.edu.ar\/sitio\/profesorado-en-tecnologias-equipos-e-instalaciones-electromecanicas\/","title":{"rendered":"PROFESORADO DE EDUCACI\u00d3N SECUNDARIA T\u00c9CNICO PROFESIONAL EN ELECTROMEC\u00c1NICA"},"content":{"rendered":"<div class=\"wp-block-image\">\n<figure class=\"aligncenter\"><a href=\"https:\/\/isfd17-bue.infd.edu.ar\/sitio\/inscripciones-2021\/\" target=\"_blank\" rel=\"https:\/\/isfd17-bue.infd.edu.ar\/sitio\/inscripciones-2021\/ noopener\"><img decoding=\"async\" loading=\"lazy\" width=\"570\" height=\"71\" src=\"https:\/\/isfd17-bue.infd.edu.ar\/sitio\/wp-content\/uploads\/2021\/06\/Matematica-VIII.jpg\" alt=\"\" class=\"wp-image-4297\"\/><\/a><\/figure><\/div>\n\n<div class=\"wp-block-image\">\n<figure class=\"aligncenter\"><a href=\"https:\/\/docs.google.com\/document\/d\/174iHUZNpzzPHDEGiWi5qZ8aZC4vykoN74TfrA_oxLXg\/edit\" target=\"_blank\" rel=\"https:\/\/isfd17-bue.infd.edu.ar\/sitio\/cronograma-ttp-2020\/ noopener\"><img decoding=\"async\" loading=\"lazy\" width=\"570\" height=\"72\" src=\"https:\/\/isfd17-bue.infd.edu.ar\/sitio\/wp-content\/uploads\/2021\/06\/Matem\u00e1tica-VI.jpg\" alt=\"\" class=\"wp-image-4292\"\/><\/a><\/figure><\/div>\n\n<div class=\"wp-block-image\">\n<figure class=\"aligncenter size-full is-resized\"><img decoding=\"async\" loading=\"lazy\" src=\"https:\/\/isfd17-bue.infd.edu.ar\/sitio\/wp-content\/uploads\/2024\/02\/image-2.png\" alt=\"\" class=\"wp-image-8106\" width=\"605\" height=\"338\" srcset=\"https:\/\/isfd17-bue.infd.edu.ar\/sitio\/wp-content\/uploads\/2024\/02\/image-2.png 916w, https:\/\/isfd17-bue.infd.edu.ar\/sitio\/wp-content\/uploads\/2024\/02\/image-2-768x429.png 768w\" sizes=\"(max-width: 605px) 100vw, 605px\" \/><\/figure><\/div>\n\n<div class=\"wp-block-image\">\n<figure class=\"aligncenter size-full is-resized\"><img decoding=\"async\" loading=\"lazy\" src=\"https:\/\/isfd17-bue.infd.edu.ar\/sitio\/wp-content\/uploads\/2024\/02\/image-5.png\" alt=\"\" class=\"wp-image-8110\" width=\"609\" height=\"338\" srcset=\"https:\/\/isfd17-bue.infd.edu.ar\/sitio\/wp-content\/uploads\/2024\/02\/image-5.png 910w, https:\/\/isfd17-bue.infd.edu.ar\/sitio\/wp-content\/uploads\/2024\/02\/image-5-768x426.png 768w\" sizes=\"(max-width: 609px) 100vw, 609px\" \/><\/figure><\/div>\n\n<div class=\"wp-block-image\">\n<figure class=\"aligncenter size-full\"><a href=\"https:\/\/isfd17-bue.infd.edu.ar\/sitio\/wp-content\/uploads\/2024\/02\/IF-2023-49138101-GDEBA-CGCYEDGCYE.pdf\" target=\"_blank\" rel=\"noreferrer noopener\"><img decoding=\"async\" loading=\"lazy\" width=\"647\" height=\"70\" src=\"https:\/\/isfd17-bue.infd.edu.ar\/sitio\/wp-content\/uploads\/2024\/02\/image-3.png\" alt=\"\" class=\"wp-image-8107\"\/><\/a><\/figure><\/div>\n\n<div class=\"wp-block-image\">\n<figure class=\"aligncenter size-full\"><img decoding=\"async\" loading=\"lazy\" width=\"646\" height=\"67\" src=\"https:\/\/isfd17-bue.infd.edu.ar\/sitio\/wp-content\/uploads\/2024\/11\/image.png\" alt=\"\" class=\"wp-image-8787\"\/><\/figure><\/div>\n\n\n<p class=\"has-text-align-center has-small-font-size\">El<strong>&nbsp;Dise\u00f1o Curricular&nbsp;<a rel=\"noreferrer noopener\" href=\"https:\/\/isfd17-bue.infd.edu.ar\/sitio\/wp-content\/uploads\/2024\/02\/IF-2023-49138101-GDEBA-CGCYEDGCYE.pdf\" data-type=\"URL\" data-id=\"https:\/\/isfd17-bue.infd.edu.ar\/sitio\/wp-content\/uploads\/2024\/02\/IF-2023-49138101-GDEBA-CGCYEDGCYE.pdf\" target=\"_blank\">(Res. 5746\/2023)&nbsp;<\/a><\/strong>organiza las condiciones de cursada, los contenidos valorados, los tiempos y formatos de cada una de las materias que forman parte del plan de carrera. Desde la dimensi\u00f3n curricular, la carrera posee un sistema de&nbsp;<strong>Correlatividades<\/strong>. Asimismo, se requiere considerar los aspectos del&nbsp;<strong>R\u00e9gimen Acad\u00e9mico Institucional (enmarcado en la&nbsp;<a rel=\"noreferrer noopener\" href=\"https:\/\/drive.google.com\/file\/d\/16dQuJr_oBxDSNSu_SMH2Gei1edt0WEEt\/view?usp=sharing\" target=\"_blank\">R<\/a><a href=\"https:\/\/isfd17-bue.infd.edu.ar\/sitio\/wp-content\/uploads\/2024\/12\/Nuevo-Regimen-Academico-Marco-ISFD.pdf\" data-type=\"URL\" data-id=\"https:\/\/isfd17-bue.infd.edu.ar\/sitio\/wp-content\/uploads\/2024\/12\/Nuevo-Regimen-Academico-Marco-ISFD.pdf\" target=\"_blank\" rel=\"noreferrer noopener\">es. 4196\/24<\/a> y Plan de Evaluaci\u00f3n Institucional.<\/strong><\/p>\n\n\n<div class=\"wp-block-image\">\n<figure class=\"aligncenter size-full is-resized\"><a href=\"https:\/\/docs.google.com\/spreadsheets\/d\/1P5Y2mmg6w6GMK8xAzJ6PYg1MPmpM5Muls8fnbc58TH8\/edit?usp=sharing\" target=\"_blank\" rel=\"noreferrer noopener\"><img decoding=\"async\" loading=\"lazy\" src=\"https:\/\/isfd17-bue.infd.edu.ar\/sitio\/wp-content\/uploads\/2025\/02\/image-51.png\" alt=\"\" class=\"wp-image-9147\" width=\"449\" height=\"77\"\/><\/a><\/figure><\/div>\n\n\n<iframe loading=\"lazy\" src=\"https:\/\/docs.google.com\/spreadsheets\/d\/e\/2PACX-1vSnSMe4UjAnpxLh0G2_R4KoJcJqizk5hViPaD8eD0RY95u8BwXGsVgqXvnz-ogoZAVI7eCNQwnziwvp\/pubhtml?start=false&amp;loop=false&amp;delayms=3000\" frameborder=\"0\" width=\"1200\" height=\"500\" allowfullscreen=\"true\" mozallowfullscreen=\"true\" webkitallowfullscreen=\"true\"><\/iframe>\n\n\n<div class=\"wp-block-image\">\n<figure class=\"aligncenter size-full is-resized\"><a href=\"https:\/\/docs.google.com\/spreadsheets\/d\/1qOYvt7mu6E2tfpIbeFx-Fs5bbCQOSAmQ8S5J0bTYHcM\/edit?usp=drive_link\" target=\"_blank\" rel=\"noreferrer noopener\"><img decoding=\"async\" loading=\"lazy\" src=\"https:\/\/isfd17-bue.infd.edu.ar\/sitio\/wp-content\/uploads\/2025\/02\/image-61.png\" alt=\"\" class=\"wp-image-9186\" width=\"446\" height=\"74\"\/><\/a><\/figure><\/div>\n\n\n<iframe loading=\"lazy\" src=\"https:\/\/docs.google.com\/spreadsheets\/d\/e\/2PACX-1vR4LGV5CLB0QdljwazBWLLzH3iOEUJp5yIiZmIx_mUon5V1P7RCPgNtMapX7CqQ5o0onI2K2SUgJ2my\/pubhtml?start=false&#038;loop=false&#038;delayms=35000\" frameborder=\"0\" width=\"1100\" height=\"800\" allowfullscreen=\"true\" mozallowfullscreen=\"true\" webkitallowfullscreen=\"true\"><\/iframe>\n\n\n<div class=\"wp-block-image\">\n<figure class=\"aligncenter size-full is-resized\"><a href=\"https:\/\/docs.google.com\/spreadsheets\/d\/1kCYhlolEYmkmABnVI5WSNYTiLCObqQSbGFDCEpjUsY0\/edit?usp=sharing\" target=\"_blank\" rel=\"noreferrer noopener\"><img decoding=\"async\" loading=\"lazy\" src=\"https:\/\/isfd17-bue.infd.edu.ar\/sitio\/wp-content\/uploads\/2025\/02\/image-63.png\" alt=\"\" class=\"wp-image-9206\" width=\"435\" height=\"71\"\/><\/a><\/figure><\/div>\n\n\n<iframe loading=\"lazy\" src=\"https:\/\/docs.google.com\/spreadsheets\/d\/e\/2PACX-1vRgGrNBI44NDIrLGmokMMwISyy1fpIUSIJVHYp07HEg7Gnlww065u2bk8aFavGOsg9EUEL2aE8wQmpq\/pubhtml?start=false&amp;loop=false&amp;delayms=35000\" frameborder=\"0\" width=\"1000\" height=\"700\" allowfullscreen=\"true\" mozallowfullscreen=\"true\" webkitallowfullscreen=\"true\"><\/iframe>\n\n\n<div class=\"wp-block-image\">\n<figure class=\"aligncenter size-full\"><img decoding=\"async\" loading=\"lazy\" width=\"648\" height=\"75\" src=\"https:\/\/isfd17-bue.infd.edu.ar\/sitio\/wp-content\/uploads\/2024\/02\/image.png\" alt=\"\" class=\"wp-image-8103\"\/><\/figure><\/div>\n\n<div class=\"wp-block-image\">\n<figure class=\"aligncenter\"><a href=\"https:\/\/drive.google.com\/file\/d\/1p211FKLYhiCodoeJceV-1kogb0Bjpe-b\/view?usp=sharing\" target=\"_blank\" rel=\"https:\/\/drive.google.com\/file\/d\/1KXnidtqb0zJrDTC0uLZPw9zjs2YeqSM3\/view?usp=sharing noopener\"><img decoding=\"async\" loading=\"lazy\" width=\"570\" height=\"70\" src=\"https:\/\/isfd17-bue.infd.edu.ar\/sitio\/wp-content\/uploads\/2021\/06\/Matem\u00e1tica-IV.jpg\" alt=\"\" class=\"wp-image-4287\"\/><\/a><figcaption class=\"wp-element-caption\"><a href=\"https:\/\/drive.google.com\/file\/d\/1UCXhYFE5IfOQKT8JS1dQWzsP64m7_Bo9\/view?usp=sharing\" data-type=\"URL\" data-id=\"https:\/\/drive.google.com\/file\/d\/1UCXhYFE5IfOQKT8JS1dQWzsP64m7_Bo9\/view?usp=sharing\" target=\"_blank\" rel=\"noreferrer noopener\">Correlativas Plan Viejo (Dise\u00f1o) DESCARGAR <\/a><\/figcaption><\/figure><\/div>\n\n<div class=\"wp-block-image\">\n<figure class=\"aligncenter size-full is-resized\"><a href=\"https:\/\/docs.google.com\/spreadsheets\/d\/11MkflnG12JdYuD-MHpd7wymNwnNT0TcAlGmt2fOB3mE\/edit?usp=sharing\" target=\"_blank\" rel=\"noreferrer noopener\"><img decoding=\"async\" loading=\"lazy\" src=\"https:\/\/isfd17-bue.infd.edu.ar\/sitio\/wp-content\/uploads\/2025\/02\/image-51.png\" alt=\"\" class=\"wp-image-9147\" width=\"449\" height=\"77\"\/><\/a><\/figure><\/div>\n\n\n<iframe loading=\"lazy\" src=\"https:\/\/docs.google.com\/spreadsheets\/d\/e\/2PACX-1vRvGqlnEY59_2GAmgN3KE3ZH6PZtjkT3JERAXebGkTaUa9J5A-vkB4GNVHKpdEZtCYHzez8lUEW8Hsc\/pubhtml?start=false&#038;loop=false&#038;delayms=35000\" frameborder=\"0\" width=\"1100\" height=\"800\" allowfullscreen=\"true\" mozallowfullscreen=\"true\" webkitallowfullscreen=\"true\"><\/iframe>\n\n\n\n<iframe loading=\"lazy\" src=\"https:\/\/docs.google.com\/presentation\/d\/e\/2PACX-1vQCALqiJzdRwfu-Cz6v8c2EHxQDN3bFG5Ut0Xuc3HaCo69of-keXOvcB7gTK9YgJg\/embed?start=false&#038;loop=false&#038;delayms=2500\" frameborder=\"0\" width=\"1000\" height=\"400\" allowfullscreen=\"true\" mozallowfullscreen=\"true\" webkitallowfullscreen=\"true\"><\/iframe>\n","protected":false},"excerpt":{"rendered":"<p>El&nbsp;Dise\u00f1o Curricular&nbsp;(Res. 5746\/2023)&nbsp;organiza las condiciones de cursada, los contenidos valorados, los tiempos y formatos de cada una de las materias que forman parte del plan de carrera. Desde la dimensi\u00f3n curricular, la carrera posee un sistema de&nbsp;Correlatividades. Asimismo, se requiere considerar los aspectos del&nbsp;R\u00e9gimen Acad\u00e9mico Institucional (enmarcado en la&nbsp;Res. 4196\/24 y Plan de Evaluaci\u00f3n Institucional.<\/p>\n","protected":false},"author":598,"featured_media":0,"parent":0,"menu_order":0,"comment_status":"closed","ping_status":"closed","template":"","meta":[],"acf":[],"_links":{"self":[{"href":"https:\/\/isfd17-bue.infd.edu.ar\/sitio\/wp-json\/wp\/v2\/pages\/731"}],"collection":[{"href":"https:\/\/isfd17-bue.infd.edu.ar\/sitio\/wp-json\/wp\/v2\/pages"}],"about":[{"href":"https:\/\/isfd17-bue.infd.edu.ar\/sitio\/wp-json\/wp\/v2\/types\/page"}],"author":[{"embeddable":true,"href":"https:\/\/isfd17-bue.infd.edu.ar\/sitio\/wp-json\/wp\/v2\/users\/598"}],"replies":[{"embeddable":true,"href":"https:\/\/isfd17-bue.infd.edu.ar\/sitio\/wp-json\/wp\/v2\/comments?post=731"}],"version-history":[{"count":65,"href":"https:\/\/isfd17-bue.infd.edu.ar\/sitio\/wp-json\/wp\/v2\/pages\/731\/revisions"}],"predecessor-version":[{"id":9349,"href":"https:\/\/isfd17-bue.infd.edu.ar\/sitio\/wp-json\/wp\/v2\/pages\/731\/revisions\/9349"}],"wp:attachment":[{"href":"https:\/\/isfd17-bue.infd.edu.ar\/sitio\/wp-json\/wp\/v2\/media?parent=731"}],"curies":[{"name":"wp","href":"https:\/\/api.w.org\/{rel}","templated":true}]}}